{"id":2770,"date":"2018-12-12T12:34:10","date_gmt":"2018-12-12T12:34:10","guid":{"rendered":"https:\/\/kalettes.com\/?page_id=2770"},"modified":"2019-01-23T16:09:12","modified_gmt":"2019-01-23T16:09:12","slug":"kalettes-bechamel","status":"publish","type":"page","link":"https:\/\/kalettes.com\/es\/kalettes-bechamel\/","title":{"rendered":"Kalettes\u00ae con bechamel ligera al horno"},"content":{"rendered":"<p>[et_pb_section bb_built=&#8221;1&#8243; admin_label=&#8221;Hero&#8221; custom_padding_last_edited=&#8221;off|desktop&#8221; _builder_version=&#8221;3.18.4&#8243; use_background_color_gradient=&#8221;on&#8221; background_color_gradient_start=&#8221;rgba(0,0,0,0.75)&#8221; background_color_gradient_end=&#8221;rgba(0,0,0,0.2)&#8221; background_color_gradient_direction=&#8221;90deg&#8221; background_color_gradient_overlays_image=&#8221;on&#8221; background_image=&#8221;https:\/\/kalettes.com\/wp-content\/uploads\/2018\/12\/Bechamel.jpeg&#8221; custom_padding=&#8221;10%||10%|&#8221; next_background_color=&#8221;#ffffff&#8221;][et_pb_row custom_width_px=&#8221;1920px&#8221; custom_padding=&#8221;|||&#8221; _builder_version=&#8221;3.0.105&#8243; background_size=&#8221;initial&#8221; background_position=&#8221;top_left&#8221; background_repeat=&#8221;repeat&#8221; animation_style=&#8221;zoom&#8221; animation_intensity_zoom=&#8221;4%&#8221;][et_pb_column type=&#8221;4_4&#8243;][et_pb_text admin_label=&#8221;Title&#8221; _builder_version=&#8221;3.18.4&#8243; header_font=&#8221;Cormorant Garamond|700|||||||&#8221; header_font_size=&#8221;64px&#8221; header_line_height=&#8221;1.3em&#8221; background_layout=&#8221;dark&#8221; max_width=&#8221;600px&#8221; animation_style=&#8221;fold&#8221; animation_direction=&#8221;bottom&#8221; animation_intensity_fold=&#8221;30%&#8221; animation_starting_opacity=&#8221;100%&#8221;]<\/p>\n<h4 class=\"et_pb_module_header\">Kalettes\u00ae con bechamel ligera al horno<\/h4>\n<p>[\/et_pb_text][et_pb_button button_text=&#8221;Preparaci\u00f3n&#8221; button_alignment=&#8221;left&#8221; _builder_version=&#8221;3.18.4&#8243; custom_button=&#8221;on&#8221; button_text_size=&#8221;14px&#8221; button_bg_color=&#8221;#ff7864&#8243; button_border_width=&#8221;8px&#8221; button_border_color=&#8221;#ff7864&#8243; button_border_radius=&#8221;0px&#8221; button_font=&#8221;Montserrat|500||on|||||&#8221; button_use_icon=&#8221;off&#8221; background_layout=&#8221;dark&#8221; custom_margin=&#8221;25px|||&#8221; animation_style=&#8221;fold&#8221; animation_direction=&#8221;bottom&#8221; animation_delay=&#8221;250ms&#8221; animation_intensity_fold=&#8221;30%&#8221; animation_starting_opacity=&#8221;100%&#8221; button_text_size__hover_enabled=&#8221;off&#8221; button_one_text_size__hover_enabled=&#8221;off&#8221; button_two_text_size__hover_enabled=&#8221;off&#8221; button_text_color__hover_enabled=&#8221;off&#8221; button_one_text_color__hover_enabled=&#8221;off&#8221; button_two_text_color__hover_enabled=&#8221;off&#8221; button_border_width__hover_enabled=&#8221;off&#8221; button_one_border_width__hover_enabled=&#8221;off&#8221; button_two_border_width__hover_enabled=&#8221;off&#8221; button_border_color__hover_enabled=&#8221;off&#8221; button_one_border_color__hover_enabled=&#8221;off&#8221; button_two_border_color__hover_enabled=&#8221;off&#8221; button_border_radius__hover_enabled=&#8221;off&#8221; button_one_border_radius__hover_enabled=&#8221;off&#8221; button_two_border_radius__hover_enabled=&#8221;off&#8221; button_letter_spacing__hover_enabled=&#8221;off&#8221; button_one_letter_spacing__hover_enabled=&#8221;off&#8221; button_two_letter_spacing__hover_enabled=&#8221;off&#8221; button_bg_color__hover_enabled=&#8221;off&#8221; button_one_bg_color__hover_enabled=&#8221;off&#8221; button_two_bg_color__hover_enabled=&#8221;off&#8221; button_url=&#8221;#hoe&#8221; \/][\/et_pb_column][\/et_pb_row][\/et_pb_section][et_pb_section bb_built=&#8221;1&#8243; admin_label=&#8221;About Recipe&#8221; custom_padding_last_edited=&#8221;on|desktop&#8221; _builder_version=&#8221;3.17.6&#8243; background_size=&#8221;initial&#8221; custom_padding=&#8221;90px|0px|90px|0px&#8221; custom_padding_tablet=&#8221;||0px|&#8221; prev_background_color=&#8221;#000000&#8243; next_background_color=&#8221;#000000&#8243;][et_pb_row use_custom_gutter=&#8221;on&#8221; gutter_width=&#8221;1&#8243; custom_padding=&#8221;|||&#8221; custom_margin=&#8221;|||&#8221; _builder_version=&#8221;3.0.105&#8243;][et_pb_column type=&#8221;1_4&#8243;][et_pb_text _builder_version=&#8221;3.18.4&#8243; text_font=&#8221;Montserrat||||||||&#8221; text_font_size=&#8221;16px&#8221; header_4_font=&#8221;Montserrat|600|||||||&#8221; header_4_font_size=&#8221;16px&#8221; border_width_all=&#8221;1px&#8221; border_color_all=&#8221;#ededed&#8221; custom_padding=&#8221;40px|50px|40px|50px&#8221;]<\/p>\n<h4>Personas<\/h4>\n<p>2<\/p>\n<p>[\/et_pb_text][\/et_pb_column][et_pb_column type=&#8221;1_4&#8243;][et_pb_text _builder_version=&#8221;3.18.4&#8243; text_font=&#8221;Montserrat||||||||&#8221; text_font_size=&#8221;16px&#8221; header_4_font=&#8221;Montserrat|600|||||||&#8221; header_4_font_size=&#8221;16px&#8221; border_width_all=&#8221;1px&#8221; border_color_all=&#8221;#ededed&#8221; custom_padding=&#8221;40px|50px|40px|50px&#8221;]<\/p>\n<h4>Duraci\u00f3n<\/h4>\n<p>1h 30min<\/p>\n<p>[\/et_pb_text][\/et_pb_column][et_pb_column type=&#8221;1_4&#8243;][\/et_pb_column][et_pb_column type=&#8221;1_4&#8243;][\/et_pb_column][\/et_pb_row][et_pb_row custom_padding=&#8221;||0px|&#8221; custom_margin=&#8221;|||&#8221; _builder_version=&#8221;3.17.6&#8243;][et_pb_column type=&#8221;4_4&#8243;][et_pb_text admin_label=&#8221;Title&#8221; _builder_version=&#8221;3.18.4&#8243; text_font=&#8221;Cormorant Garamond||||||||&#8221; text_text_color=&#8221;#1e1e1e&#8221; text_font_size=&#8221;26px&#8221; animation_style=&#8221;fold&#8221; animation_direction=&#8221;left&#8221; animation_intensity_fold=&#8221;5%&#8221; animation_starting_opacity=&#8221;100%&#8221; text_line_height=&#8221;2.8em&#8221;]<\/p>\n<h4><span style=\"color: #3a126b;\">Ingredientes Kalettes\u00ae con bechamel ligera al horno<\/span><\/h4>\n<p>[\/et_pb_text][\/et_pb_column][\/et_pb_row][et_pb_row _builder_version=&#8221;3.0.105&#8243;][et_pb_column type=&#8221;1_3&#8243;][et_pb_text _builder_version=&#8221;3.18.4&#8243; text_font=&#8221;Montserrat||||||||&#8221; text_text_color=&#8221;#1e1e1e&#8221; text_font_size=&#8221;16px&#8221; ul_line_height=&#8221;2em&#8221; animation_style=&#8221;fold&#8221; animation_direction=&#8221;left&#8221; animation_intensity_fold=&#8221;5%&#8221; animation_starting_opacity=&#8221;100%&#8221;]<\/p>\n<p>12 Kalettes\u00ae<\/p>\n<p>Aceite<\/p>\n<p>90 gramos de mantequilla<\/p>\n<p>1 Litro de leche entera<\/p>\n<p>90 gramos de harina<\/p>\n<p>Nuez moscada<\/p>\n<p>1 Cebolla<\/p>\n<p>Queso para fundir<\/p>\n<p>[\/et_pb_text][\/et_pb_column][et_pb_column type=&#8221;2_3&#8243;][et_pb_text _builder_version=&#8221;3.18.4&#8243; text_font=&#8221;Cormorant Garamond|500|||||||&#8221; text_text_color=&#8221;#1e1e1e&#8221; text_font_size=&#8221;20px&#8221; text_line_height=&#8221;1.8em&#8221; animation_style=&#8221;fold&#8221; animation_direction=&#8221;left&#8221; animation_intensity_fold=&#8221;5%&#8221; animation_starting_opacity=&#8221;100%&#8221; \/][\/et_pb_column][\/et_pb_row][\/et_pb_section][et_pb_section bb_built=&#8221;1&#8243; admin_label=&#8221;Instructions&#8221; _builder_version=&#8221;3.17.6&#8243; background_image=&#8221;https:\/\/kalettes.hlo.design\/wp-content\/uploads\/2018\/11\/Background-03.jpg&#8221; custom_padding=&#8221;45px||45px||true|false&#8221; prev_background_color=&#8221;#ffffff&#8221; next_background_color=&#8221;#ffffff&#8221; module_id=&#8221;hoe&#8221;][et_pb_row custom_padding=&#8221;|||&#8221; custom_padding_tablet=&#8221;|||&#8221; custom_padding_last_edited=&#8221;off|desktop&#8221; _builder_version=&#8221;3.0.105&#8243; custom_margin_last_edited=&#8221;off|desktop&#8221;][et_pb_column type=&#8221;4_4&#8243;][et_pb_text admin_label=&#8221;Title&#8221; _builder_version=&#8221;3.18.4&#8243; header_2_font=&#8221;Cormorant Garamond|600|||||||&#8221; header_2_font_size=&#8221;36px&#8221; text_orientation=&#8221;center&#8221; custom_margin=&#8221;||15px|&#8221; animation_style=&#8221;fade&#8221; header_line_height=&#8221;1.9em&#8221;]<\/p>\n<h3>Preparaci\u00f3n<\/h3>\n<p>[\/et_pb_text][\/et_pb_column][\/et_pb_row][et_pb_row admin_label=&#8221;Instructions Row&#8221; custom_padding=&#8221;|||&#8221; custom_margin=&#8221;|||&#8221; _builder_version=&#8221;3.0.105&#8243;][et_pb_column type=&#8221;1_2&#8243;][et_pb_text _builder_version=&#8221;3.18.4&#8243; text_font=&#8221;Cormorant Garamond|500|||||||&#8221; text_text_color=&#8221;#1e1e1e&#8221; text_font_size=&#8221;20px&#8221; text_line_height=&#8221;1.8em&#8221; header_5_font=&#8221;Montserrat||||||||&#8221; header_5_line_height=&#8221;1.8em&#8221; border_color_all=&#8221;rgba(51,51,51,0.1)&#8221; border_width_bottom=&#8221;1px&#8221; custom_margin=&#8221;||0px|&#8221; custom_padding=&#8221;36px||36px|&#8221; animation_style=&#8221;fold&#8221; animation_direction=&#8221;bottom&#8221; animation_intensity_fold=&#8221;5%&#8221; animation_starting_opacity=&#8221;100%&#8221; inline_fonts=&#8221;Georgia&#8221;]<\/p>\n<h4>Paso 1<\/h4>\n<p>Saltear en una sart\u00e9n la cebolla cortada en trocitos peque\u00f1os cuando est\u00e9 transparente incorpora las Kalettes\u00ae que previamente habremos cortado en trocitos peque\u00f1os. Ver como las Kalettes\u00ae van cambiando de color, volvi\u00e9ndose m\u00e1s verdes. A\u00f1adir un chorrito de vino blanco. Dejar que se evapore el alcohol y retirar.<\/p>\n<p>[\/et_pb_text][et_pb_text _builder_version=&#8221;3.18.4&#8243; text_font=&#8221;Cormorant Garamond|500|||||||&#8221; text_text_color=&#8221;#1e1e1e&#8221; text_font_size=&#8221;20px&#8221; text_line_height=&#8221;1.8em&#8221; header_5_font=&#8221;Montserrat||||||||&#8221; header_5_line_height=&#8221;1.8em&#8221; border_color_all=&#8221;rgba(51,51,51,0.1)&#8221; border_width_bottom=&#8221;1px&#8221; custom_margin=&#8221;||0px|&#8221; custom_padding=&#8221;36px||36px|&#8221; animation_style=&#8221;fold&#8221; animation_direction=&#8221;bottom&#8221; animation_intensity_fold=&#8221;5%&#8221; animation_starting_opacity=&#8221;100%&#8221; inline_fonts=&#8221;Georgia&#8221;]<\/p>\n<h4>Paso 2<\/h4>\n<p>Escaldar algunas Kalettes\u00ae enteras y reservar.<\/p>\n<p>&nbsp;<\/p>\n<p>[\/et_pb_text][\/et_pb_column][et_pb_column type=&#8221;1_2&#8243;][et_pb_text _builder_version=&#8221;3.18.4&#8243; text_font=&#8221;Cormorant Garamond|500|||||||&#8221; text_text_color=&#8221;#1e1e1e&#8221; text_font_size=&#8221;20px&#8221; text_line_height=&#8221;1.8em&#8221; header_5_font=&#8221;Montserrat||||||||&#8221; header_5_line_height=&#8221;1.8em&#8221; border_color_all=&#8221;rgba(51,51,51,0.1)&#8221; border_width_bottom=&#8221;1px&#8221; custom_margin=&#8221;||0px|&#8221; custom_padding=&#8221;36px||36px|&#8221; animation_style=&#8221;fold&#8221; animation_direction=&#8221;bottom&#8221; animation_intensity_fold=&#8221;5%&#8221; animation_starting_opacity=&#8221;100%&#8221; inline_fonts=&#8221;Georgia&#8221;]<\/p>\n<h4>Paso 3<\/h4>\n<p>Preparar la bechamel: mezclar 90 gr de mantequilla con 90 gr de harina por cada litro de leche. A\u00f1adir sal y nuez moscada.<\/p>\n<p>[\/et_pb_text][et_pb_text _builder_version=&#8221;3.18.4&#8243; text_font=&#8221;Cormorant Garamond|500|||||||&#8221; text_text_color=&#8221;#1e1e1e&#8221; text_font_size=&#8221;20px&#8221; text_line_height=&#8221;1.8em&#8221; header_5_font=&#8221;Montserrat||||||||&#8221; header_5_line_height=&#8221;1.8em&#8221; border_color_all=&#8221;rgba(51,51,51,0.1)&#8221; border_width_bottom=&#8221;1px&#8221; custom_margin=&#8221;||0px|&#8221; custom_padding=&#8221;36px||36px|&#8221; animation_style=&#8221;fold&#8221; animation_direction=&#8221;bottom&#8221; animation_intensity_fold=&#8221;5%&#8221; animation_starting_opacity=&#8221;100%&#8221; locked=&#8221;off&#8221;]<\/p>\n<h4>Paso 4<\/h4>\n<p>En platos individuales poner seis Kalettes\u00ae, cubrirlas de bechamel, espolvorear queso por encima y meterlas al horno durante 15 minutos para que se doren, y \u00a1listo!<\/p>\n<p>[\/et_pb_text][\/et_pb_column][\/et_pb_row][\/et_pb_section][et_pb_section bb_built=&#8221;1&#8243; admin_label=&#8221;Recipes&#8221; _builder_version=&#8221;3.17.6&#8243; background_size=&#8221;initial&#8221; custom_padding=&#8221;45px||45px|&#8221; prev_background_color=&#8221;#000000&#8243; next_background_color=&#8221;#3a126b&#8221;][et_pb_row custom_margin=&#8221;|||&#8221; _builder_version=&#8221;3.0.105&#8243;][et_pb_column type=&#8221;4_4&#8243;][et_pb_text admin_label=&#8221;Title&#8221; _builder_version=&#8221;3.18.4&#8243; header_2_font=&#8221;Cormorant Garamond|500|||||||&#8221; header_2_text_color=&#8221;#1e1e1e&#8221; header_2_font_size=&#8221;36px&#8221; text_orientation=&#8221;center&#8221; custom_margin=&#8221;||15px|&#8221; animation_style=&#8221;fade&#8221;]<\/p>\n<h4><span style=\"color: #3a126b;\">M\u00e1s recetas <\/span><\/h4>\n<p>[\/et_pb_text][\/et_pb_column][\/et_pb_row][et_pb_row admin_label=&#8221;Trending Recipes Row&#8221; _builder_version=&#8221;3.17.6&#8243; saved_tabs=&#8221;all&#8221; locked=&#8221;off&#8221;][et_pb_column type=&#8221;1_3&#8243;][et_pb_blurb title=&#8221;CREMA DE KALETTES\u00ae, PATATA Y ZANAHORIA&#8221; image=&#8221;https:\/\/kalettes.com\/wp-content\/uploads\/2018\/12\/Crema-Kalettes-.jpeg&#8221; _builder_version=&#8221;3.18.4&#8243; header_level=&#8221;h1&#8243; header_font=&#8221;Catamaran|||on|||||&#8221; header_font_size=&#8221;24px&#8221; body_font=&#8221;Montserrat|500|||||||&#8221; body_font_size=&#8221;13px&#8221; body_line_height=&#8221;1.8em&#8221; border_color_all_image=&#8221;rgba(0,0,0,0)&#8221; text_orientation=&#8221;center&#8221; animation_style=&#8221;fade&#8221; url=&#8221; https:\/\/kalettes.com\/es\/kalettes-patata-zanahoria&#8221; link_option_url=&#8221; https:\/\/kalettes.com\/es\/kalettes-patata-zanahoria&#8221;]<\/p>\n<p><span style=\"color: #3a126b;\"><a style=\"color: #3a126b;\" href=\"https:\/\/kalettes.com\/es\/kalettes-patata-zanahoria\">Descubre la receta <\/a><\/span><\/p>\n<p>&nbsp;<\/p>\n<p>&nbsp;<\/p>\n<p>&nbsp;<\/p>\n<p>[\/et_pb_blurb][\/et_pb_column][et_pb_column type=&#8221;1_3&#8243;][et_pb_blurb _builder_version=&#8221;3.18.4&#8243; title=&#8221;ENSALADA DE KALETTES\u00ae Y FRESAS &#8221; url=&#8221;https:\/\/kalettes.com\/es\/kalettes-ensalada&#8221; link_option_url=&#8221;https:\/\/kalettes.com\/es\/kalettes-ensalada&#8221; image=&#8221;https:\/\/kalettes.com\/wp-content\/uploads\/2018\/12\/Salad.png&#8221; header_font=&#8221;Catamaran||||||||&#8221; header_level=&#8221;h1&#8243; body_font=&#8221;Montserrat|500|||||||&#8221; header_text_align=&#8221;center&#8221; body_text_align=&#8221;center&#8221; body_font_size=&#8221;13&#8243;]<\/p>\n<p><a href=\"https:\/\/kalettes.com\/es\/kalettes-ensalada\">Descubre la receta<\/a><\/p>\n<\/p>\n<p>[\/et_pb_blurb][\/et_pb_column][et_pb_column type=&#8221;1_3&#8243;][et_pb_blurb title=&#8221; SUNDAY ROAST CON KALETTES\u00ae&#8221; image=&#8221;https:\/\/kalettes.com\/wp-content\/uploads\/2018\/12\/Screen-Shot-2018-12-13-at-13.42.09.png&#8221; _builder_version=&#8221;3.18.4&#8243; header_level=&#8221;h3&#8243; header_font=&#8221;Catamaran|||on|||||&#8221; header_font_size=&#8221;24px&#8221; body_font=&#8221;Montserrat|500|||||||&#8221; body_font_size=&#8221;13px&#8221; body_line_height=&#8221;1.8em&#8221; text_orientation=&#8221;center&#8221; animation_style=&#8221;fade&#8221; url=&#8221;https:\/\/kalettes.com\/es\/kalettes-sundayroast&#8221; link_option_url=&#8221;https:\/\/kalettes.com\/es\/kalettes-sundayroast&#8221; header_text_align=&#8221;center&#8221;]<\/p>\n<p><span style=\"color: #3a126b;\"><a style=\"color: #3a126b;\" href=\"https:\/\/kalettes.com\/es\/kalettes-sundayroast\">Descubre la receta<\/a><\/span><\/p>\n<\/p>\n<\/p>\n<p>[\/et_pb_blurb][\/et_pb_column][\/et_pb_row][\/et_pb_section][et_pb_section bb_built=&#8221;1&#8243; admin_label=&#8221;Subscribe&#8221; _builder_version=&#8221;3.17.6&#8243; background_color=&#8221;#3a126b&#8221; background_size=&#8221;contain&#8221; custom_padding=&#8221;45px|0px|45px|0px|false|false&#8221; custom_margin=&#8221;||&#8221; prev_background_color=&#8221;#ffffff&#8221;][et_pb_row _builder_version=&#8221;3.17.6&#8243; custom_margin=&#8221;||&#8221; custom_padding=&#8221;0px||&#8221;][et_pb_column type=&#8221;1_3&#8243;][\/et_pb_column][et_pb_column type=&#8221;1_3&#8243;][et_pb_image src=&#8221;https:\/\/kalettes.com\/wp-content\/uploads\/2018\/12\/IMG_20181213_135409.png&#8221; _builder_version=&#8221;3.18.4&#8243; \/][et_pb_social_media_follow text_orientation=&#8221;center&#8221; _builder_version=&#8221;3.18.4&#8243;][et_pb_social_media_follow_network social_network=&#8221;facebook&#8221; background_color=&#8221;#3b5998&#8243; _builder_version=&#8221;3.18.4&#8243; follow_button=&#8221;off&#8221; url_new_window=&#8221;on&#8221; skype_action=&#8221;call&#8221; url=&#8221;https:\/\/www.facebook.com\/Kalettes-ES-446424595843706\/&#8221; use_background_color_gradient=&#8221;off&#8221; background_color_gradient_start=&#8221;#2b87da&#8221; background_color_gradient_end=&#8221;#29c4a9&#8243; background_color_gradient_type=&#8221;linear&#8221; background_color_gradient_direction=&#8221;180deg&#8221; background_color_gradient_direction_radial=&#8221;center&#8221; background_color_gradient_start_position=&#8221;0%&#8221; background_color_gradient_end_position=&#8221;100%&#8221; background_color_gradient_overlays_image=&#8221;off&#8221; parallax=&#8221;off&#8221; parallax_method=&#8221;on&#8221; background_size=&#8221;cover&#8221; background_position=&#8221;center&#8221; background_repeat=&#8221;no-repeat&#8221; background_blend=&#8221;normal&#8221; allow_player_pause=&#8221;off&#8221; background_video_pause_outside_viewport=&#8221;on&#8221; box_shadow_style=&#8221;none&#8221; hover_transition_duration=&#8221;300ms&#8221; hover_transition_delay=&#8221;0ms&#8221; hover_transition_speed_curve=&#8221;ease&#8221;]<\/p>\n<p>facebook<\/p>\n<p>[\/et_pb_social_media_follow_network][et_pb_social_media_follow_network social_network=&#8221;instagram&#8221; background_color=&#8221;#ea2c59&#8243; _builder_version=&#8221;3.18.4&#8243; follow_button=&#8221;off&#8221; url_new_window=&#8221;on&#8221; skype_action=&#8221;call&#8221; url=&#8221;https:\/\/www.instagram.com\/kalettes_es\/&#8221; use_background_color_gradient=&#8221;off&#8221; background_color_gradient_start=&#8221;#2b87da&#8221; background_color_gradient_end=&#8221;#29c4a9&#8243; background_color_gradient_type=&#8221;linear&#8221; background_color_gradient_direction=&#8221;180deg&#8221; background_color_gradient_direction_radial=&#8221;center&#8221; background_color_gradient_start_position=&#8221;0%&#8221; background_color_gradient_end_position=&#8221;100%&#8221; background_color_gradient_overlays_image=&#8221;off&#8221; parallax=&#8221;off&#8221; parallax_method=&#8221;on&#8221; background_size=&#8221;cover&#8221; background_position=&#8221;center&#8221; background_repeat=&#8221;no-repeat&#8221; background_blend=&#8221;normal&#8221; allow_player_pause=&#8221;off&#8221; background_video_pause_outside_viewport=&#8221;on&#8221; box_shadow_style=&#8221;none&#8221; hover_transition_duration=&#8221;300ms&#8221; hover_transition_delay=&#8221;0ms&#8221; hover_transition_speed_curve=&#8221;ease&#8221;]<\/p>\n<p>instagram<\/p>\n<p>[\/et_pb_social_media_follow_network][et_pb_social_media_follow_network _builder_version=&#8221;3.18.4&#8243; social_network=&#8221;pinterest&#8221; skype_action=&#8221;call&#8221; url=&#8221;https:\/\/www.pinterest.es\/kalettesUK\/?eq=kalettes&amp;etslf=1385&#8243; background_color=&#8221;#cb2027&#8243; use_background_color_gradient=&#8221;off&#8221; background_color_gradient_start=&#8221;#2b87da&#8221; background_color_gradient_end=&#8221;#29c4a9&#8243; background_color_gradient_type=&#8221;linear&#8221; background_color_gradient_direction=&#8221;180deg&#8221; background_color_gradient_direction_radial=&#8221;center&#8221; background_color_gradient_start_position=&#8221;0%&#8221; background_color_gradient_end_position=&#8221;100%&#8221; background_color_gradient_overlays_image=&#8221;off&#8221; parallax=&#8221;off&#8221; parallax_method=&#8221;on&#8221; background_size=&#8221;cover&#8221; background_position=&#8221;center&#8221; background_repeat=&#8221;no-repeat&#8221; background_blend=&#8221;normal&#8221; allow_player_pause=&#8221;off&#8221; background_video_pause_outside_viewport=&#8221;on&#8221; box_shadow_style=&#8221;none&#8221; hover_transition_duration=&#8221;300ms&#8221; hover_transition_delay=&#8221;0ms&#8221; hover_transition_speed_curve=&#8221;ease&#8221;]<\/p>\n<p>Pinterest<\/p>\n<p>[\/et_pb_social_media_follow_network][\/et_pb_social_media_follow][et_pb_text text_line_height=&#8221;2.6em&#8221; header_font_size=&#8221;39px&#8221; text_orientation=&#8221;center&#8221; _builder_version=&#8221;3.18.4&#8243; header_line_height=&#8221;1.5em&#8221;]<\/p>\n<h1 style=\"text-align: center;\">\u00a1S\u00edguenos en redes sociales!<\/h1>\n<p>[\/et_pb_text][\/et_pb_column][et_pb_column type=&#8221;1_3&#8243;][\/et_pb_column][\/et_pb_row][\/et_pb_section]<\/p>\n","protected":false},"excerpt":{"rendered":"<p>[et_pb_section bb_built=&#8221;1&#8243; admin_label=&#8221;Hero&#8221; custom_padding_last_edited=&#8221;off|desktop&#8221; _builder_version=&#8221;3.18.4&#8243; use_background_color_gradient=&#8221;on&#8221; background_color_gradient_start=&#8221;rgba(0,0,0,0.75)&#8221; background_color_gradient_end=&#8221;rgba(0,0,0,0.2)&#8221; background_color_gradient_direction=&#8221;90deg&#8221; background_color_gradient_overlays_image=&#8221;on&#8221; background_image=&#8221;https:\/\/kalettes.com\/wp-content\/uploads\/2018\/12\/Bechamel.jpeg&#8221; custom_padding=&#8221;10%||10%|&#8221; next_background_color=&#8221;#ffffff&#8221;][et_pb_row custom_width_px=&#8221;1920px&#8221; custom_padding=&#8221;|||&#8221; _builder_version=&#8221;3.0.105&#8243; background_size=&#8221;initial&#8221; background_position=&#8221;top_left&#8221; background_repeat=&#8221;repeat&#8221; animation_style=&#8221;zoom&#8221; animation_intensity_zoom=&#8221;4%&#8221;][et_pb_column type=&#8221;4_4&#8243;][et_pb_text admin_label=&#8221;Title&#8221; _builder_version=&#8221;3.18.4&#8243; header_font=&#8221;Cormorant Garamond|700|||||||&#8221; header_font_size=&#8221;64px&#8221; header_line_height=&#8221;1.3em&#8221; background_layout=&#8221;dark&#8221; max_width=&#8221;600px&#8221; animation_style=&#8221;fold&#8221; animation_direction=&#8221;bottom&#8221; animation_intensity_fold=&#8221;30%&#8221; animation_starting_opacity=&#8221;100%&#8221;] Kalettes\u00ae con bechamel ligera al horno [\/et_pb_text][et_pb_button button_text=&#8221;Preparaci\u00f3n&#8221; button_alignment=&#8221;left&#8221; _builder_version=&#8221;3.18.4&#8243; custom_button=&#8221;on&#8221; button_text_size=&#8221;14px&#8221; button_bg_color=&#8221;#ff7864&#8243; button_border_width=&#8221;8px&#8221; button_border_color=&#8221;#ff7864&#8243; button_border_radius=&#8221;0px&#8221; button_font=&#8221;Montserrat|500||on|||||&#8221; button_use_icon=&#8221;off&#8221; background_layout=&#8221;dark&#8221; custom_margin=&#8221;25px|||&#8221; animation_style=&#8221;fold&#8221; [&hellip;]<\/p>\n","protected":false},"author":7,"featured_media":0,"parent":0,"menu_order":0,"comment_status":"closed","ping_status":"closed","template":"","meta":{"_et_pb_use_builder":"on","_et_pb_old_content":"<h2>how to prepare<\/h2><p>Kalettes<span class=\"r\">\u00ae<\/span> only need a simple rinse and they\u2019re ready to cook.<\/p><h2>how to cook<\/h2><p>Kalettes<span class=\"r\">\u00ae<\/span> can be steamed, microwaved, stir fried, boiled or blanched.<\/p><ul><li>To steam, place the sprouts in a steamer and cook for 5-6 minutes.<\/li><li>Cook in the microwave at 800w for 2-3 minutes.<\/li><li>Stir fry in a large pan on the hob for 2-3 minutes.<\/li><li>To boil, bring a pan of water to boiling point and add the Kalettes<span class=\"r\">\u00ae<\/span>, leave to simmer for 3-5 minutes, until tender.<\/li><li>When blanching boil for just 3-4 minutes, take off of the heat and immediately plunge into ice-cold water to stop the cooking process.<\/li><\/ul><div class=\"green-bar-wrapper\"><div class=\"green-bar-top\"> <\/div><h2>Try our tasty recipes - they are easy to cook and delicious to eat!<\/h2><div class=\"green-bar-bottom\"> <\/div><\/div><p><br><br><\/p><p>Kalettes<span class=\"r\">\u00ae<\/span> are served usually as an accompanying vegetable and eaten hot. Great for winter cooking, this new addition to the brassica family is very quick to cook. Steam the Kalettes<span class=\"r\">\u00ae<\/span> and stir in fresh herbs, garlic and pine nuts for a tasty, warm winter salad, include in easy-supper Asian-style dishes or add to one-pot casseroles. They will also make a great alternative to traditional sprouts if you want something different for Christmas lunch.<br>Of course the great thing about a new vegetable is discovering the fantastic range of ways it can be used. Take a look at the recipes created by development chef Mal Fry for some inspiration. Or why not send us your recipe ideas; any recipes we like will win a vegetable cook book.<\/p><hr>","ngg_post_thumbnail":0},"_links":{"self":[{"href":"https:\/\/kalettes.com\/es\/wp-json\/wp\/v2\/pages\/2770"}],"collection":[{"href":"https:\/\/kalettes.com\/es\/wp-json\/wp\/v2\/pages"}],"about":[{"href":"https:\/\/kalettes.com\/es\/wp-json\/wp\/v2\/types\/page"}],"author":[{"embeddable":true,"href":"https:\/\/kalettes.com\/es\/wp-json\/wp\/v2\/users\/7"}],"replies":[{"embeddable":true,"href":"https:\/\/kalettes.com\/es\/wp-json\/wp\/v2\/comments?post=2770"}],"version-history":[{"count":12,"href":"https:\/\/kalettes.com\/es\/wp-json\/wp\/v2\/pages\/2770\/revisions"}],"predecessor-version":[{"id":3262,"href":"https:\/\/kalettes.com\/es\/wp-json\/wp\/v2\/pages\/2770\/revisions\/3262"}],"wp:attachment":[{"href":"https:\/\/kalettes.com\/es\/wp-json\/wp\/v2\/media?parent=2770"}],"curies":[{"name":"wp","href":"https:\/\/api.w.org\/{rel}","templated":true}]}}